{"id":30,"date":"2015-07-01T14:45:50","date_gmt":"2015-07-01T13:45:50","guid":{"rendered":"http:\/\/yc-a.fr\/?page_id=30"},"modified":"2017-03-14T18:17:24","modified_gmt":"2017-03-14T17:17:24","slug":"college-stendhal-fosses","status":"publish","type":"page","link":"http:\/\/yc-a.fr\/index.php\/college-stendhal-fosses\/","title":{"rendered":"Coll\u00e8ge STENDHAL &#8211; FOSSES"},"content":{"rendered":"<p>Restructuration du Coll\u00e8ge Stendhal \u00e0 Fosses<br \/>\n650 \u00e9l\u00e8ves<\/p>\n<p>PROJET QE<\/p>\n<p>Laur\u00e9at du palmar\u00e8s de la meilleure construction durable du Val d&rsquo;Oise<br \/>\nOrganis\u00e9 par la FFB et le CAUE 95<\/p>\n<p><strong>&gt; FOSSES (95)<\/strong><\/p>\n<p><a href=\"http:\/\/yc-a.fr\/wp-content\/uploads\/2015\/07\/Cour-1186_5.jpg\"><img loading=\"lazy\" class=\"alignnone size-large wp-image-310\" src=\"http:\/\/yc-a.fr\/wp-content\/uploads\/2015\/07\/Cour-1186_5-1024x459.jpg\" alt=\"Cour 1186_5\" width=\"1024\" height=\"459\" srcset=\"http:\/\/yc-a.fr\/wp-content\/uploads\/2015\/07\/Cour-1186_5-1024x459.jpg 1024w, http:\/\/yc-a.fr\/wp-content\/uploads\/2015\/07\/Cour-1186_5-300x134.jpg 300w\" sizes=\"(max-width: 1024px) 100vw, 1024px\" \/><\/a><\/p>\n<p><a href=\"http:\/\/yc-a.fr\/wp-content\/uploads\/2015\/06\/FOSSES-neige-V\u0153ux-2015.jpg\"><img loading=\"lazy\" class=\"alignnone wp-image-4 size-large\" src=\"http:\/\/yc-a.fr\/wp-content\/uploads\/2015\/06\/FOSSES-neige-V\u0153ux-2015-1024x566.jpg\" alt=\"FOSSES neige V\u0153ux 2015\" width=\"1024\" height=\"566\" srcset=\"http:\/\/yc-a.fr\/wp-content\/uploads\/2015\/06\/FOSSES-neige-V\u0153ux-2015-1024x566.jpg 1024w, http:\/\/yc-a.fr\/wp-content\/uploads\/2015\/06\/FOSSES-neige-V\u0153ux-2015-300x166.jpg 300w\" sizes=\"(max-width: 1024px) 100vw, 1024px\" \/><\/a><\/p>\n<p><a href=\"http:\/\/yc-a.fr\/wp-content\/uploads\/2015\/07\/cour1.jpg\"><img loading=\"lazy\" class=\"alignnone wp-image-87 size-large\" src=\"http:\/\/yc-a.fr\/wp-content\/uploads\/2015\/07\/cour1-1024x774.jpg\" alt=\"cour1\" width=\"1024\" height=\"774\" srcset=\"http:\/\/yc-a.fr\/wp-content\/uploads\/2015\/07\/cour1-1024x774.jpg 1024w, http:\/\/yc-a.fr\/wp-content\/uploads\/2015\/07\/cour1-300x227.jpg 300w\" sizes=\"(max-width: 1024px) 100vw, 1024px\" \/><\/a><\/p>\n<p><a href=\"http:\/\/yc-a.fr\/wp-content\/uploads\/2015\/07\/Galerie-1.jpg\"><img loading=\"lazy\" class=\"alignnone wp-image-89 size-large\" src=\"http:\/\/yc-a.fr\/wp-content\/uploads\/2015\/07\/Galerie-1-1024x683.jpg\" alt=\"Galerie 1\" width=\"1024\" height=\"683\" srcset=\"http:\/\/yc-a.fr\/wp-content\/uploads\/2015\/07\/Galerie-1-1024x683.jpg 1024w, http:\/\/yc-a.fr\/wp-content\/uploads\/2015\/07\/Galerie-1-300x200.jpg 300w\" sizes=\"(max-width: 1024px) 100vw, 1024px\" \/><\/a><\/p>\n<p><a href=\"http:\/\/yc-a.fr\/wp-content\/uploads\/2015\/07\/Fa\u00e7ade-Nord-1V2.jpg\"><img loading=\"lazy\" class=\"alignnone wp-image-311 size-large\" src=\"http:\/\/yc-a.fr\/wp-content\/uploads\/2015\/07\/Fa\u00e7ade-Nord-1V2-1024x574.jpg\" alt=\"\" width=\"1024\" height=\"574\" srcset=\"http:\/\/yc-a.fr\/wp-content\/uploads\/2015\/07\/Fa\u00e7ade-Nord-1V2-1024x574.jpg 1024w, http:\/\/yc-a.fr\/wp-content\/uploads\/2015\/07\/Fa\u00e7ade-Nord-1V2-300x168.jpg 300w, http:\/\/yc-a.fr\/wp-content\/uploads\/2015\/07\/Fa\u00e7ade-Nord-1V2-640x360.jpg 640w\" sizes=\"(max-width: 1024px) 100vw, 1024px\" \/><\/a><\/p>\n<p>&nbsp;<\/p>\n<p><strong>MOA\/<\/strong> Conseil G\u00e9n\u00e9ral du Val d&rsquo;Oise<br \/>\n<strong>Surface SHON\/<\/strong> 6 129 m2<br \/>\n<strong>Co\u00fbt des travaux HT\/<\/strong> 8 000 024\u20ac<br \/>\n<strong>Mission\/<\/strong> Compl\u00e8te loi MOP<br \/>\n<strong>Description\/<\/strong> Restructuration et r\u00e9novation d&rsquo;un coll\u00e8ge 1000 et 650, en site occup\u00e9<br \/>\nEnseignement g\u00e9n\u00e9ral, 1\/2 pension et atelier SEGPA<br \/>\n<strong>Calendrier\/<\/strong> Livraison phase 3: mars 2013<br \/>\n<strong>MOE\/<\/strong> YCA Yves Chemineau Architecte mandataire, CET ing\u00e9nierie BET TCE<\/p>\n","protected":false},"excerpt":{"rendered":"<p>Restructuration du Coll\u00e8ge Stendhal \u00e0 Fosses 650 \u00e9l\u00e8ves PROJET QE Laur\u00e9at du palmar\u00e8s de la&#8230;<\/p>\n","protected":false},"author":2,"featured_media":0,"parent":0,"menu_order":0,"comment_status":"open","ping_status":"open","template":"page-template-fullwidth.php","meta":[],"_links":{"self":[{"href":"http:\/\/yc-a.fr\/index.php\/wp-json\/wp\/v2\/pages\/30"}],"collection":[{"href":"http:\/\/yc-a.fr\/index.php\/wp-json\/wp\/v2\/pages"}],"about":[{"href":"http:\/\/yc-a.fr\/index.php\/wp-json\/wp\/v2\/types\/page"}],"author":[{"embeddable":true,"href":"http:\/\/yc-a.fr\/index.php\/wp-json\/wp\/v2\/users\/2"}],"replies":[{"embeddable":true,"href":"http:\/\/yc-a.fr\/index.php\/wp-json\/wp\/v2\/comments?post=30"}],"version-history":[{"count":24,"href":"http:\/\/yc-a.fr\/index.php\/wp-json\/wp\/v2\/pages\/30\/revisions"}],"predecessor-version":[{"id":403,"href":"http:\/\/yc-a.fr\/index.php\/wp-json\/wp\/v2\/pages\/30\/revisions\/403"}],"wp:attachment":[{"href":"http:\/\/yc-a.fr\/index.php\/wp-json\/wp\/v2\/media?parent=30"}],"curies":[{"name":"wp","href":"https:\/\/api.w.org\/{rel}","templated":true}]}}