{"id":2,"date":"2015-06-03T17:11:04","date_gmt":"2015-06-03T16:11:04","guid":{"rendered":"http:\/\/yc-a.fr\/?page_id=2"},"modified":"2020-01-15T12:35:17","modified_gmt":"2020-01-15T11:35:17","slug":"agence","status":"publish","type":"page","link":"http:\/\/yc-a.fr\/index.php\/agence\/","title":{"rendered":"Agence"},"content":{"rendered":"\n<figure class=\"wp-block-image\"><img loading=\"lazy\" width=\"1024\" height=\"625\" src=\"http:\/\/yc-a.fr\/wp-content\/uploads\/2020\/01\/THD_DSC_0796-1024x625.jpg\" alt=\"\" class=\"wp-image-514\" srcset=\"http:\/\/yc-a.fr\/wp-content\/uploads\/2020\/01\/THD_DSC_0796-1024x625.jpg 1024w, http:\/\/yc-a.fr\/wp-content\/uploads\/2020\/01\/THD_DSC_0796-300x183.jpg 300w, http:\/\/yc-a.fr\/wp-content\/uploads\/2020\/01\/THD_DSC_0796-768x469.jpg 768w\" sizes=\"(max-width: 1024px) 100vw, 1024px\" \/><\/figure>\n\n\n\n<p>Bienvenue sur le site de l&rsquo;agence YC-A<\/p>\n\n\n\n<p>L\u2019agence <strong>YVES CHEMINEAU ARCHITECTE<\/strong>, EURL d\u2019architecture, est une agence cr\u00e9e en 1998 par l\u2019architecte D.P.L.G Yves Chemineau. L\u2019agence a tout<br>d\u2019abord exist\u00e9 sous le statut d\u2019activit\u00e9 lib\u00e9rale, et depuis 2010 sous forme de soci\u00e9t\u00e9 EURL.<br>L\u2019agence est sp\u00e9cialis\u00e9e dans l\u2019\u00e9tude et la r\u00e9alisation <strong>d\u2019\u00e9quipements publics<\/strong> (coll\u00e8ges, lyc\u00e9e, centres de loisirs, centres sociaux, cr\u00e8ches, \u00e9quipements<br>sportifs\u2026), de b\u00e2timents tertiaires, de locaux d\u2019h\u00e9bergements pour chercheurs, et de laboratoires de recherche.<br>Elle vient d\u2019achever la r\u00e9alisation de la <strong>plateforme scientifique IPANEMA<\/strong>, op\u00e9ration HQE, sur le site du SYNCHROTRON SOLEIL, une restructuration<br>lourde avec extension d\u2019un coll\u00e8ge 1000 transform\u00e9 en <strong>coll\u00e8ge 650<\/strong>, pour le conseil g\u00e9n\u00e9ral du val d\u2019Oise.<br>Tous les projets de l\u2019agence sont suivis de la conception \u00e0 la r\u00e9alisation, dans le cadre de missions compl\u00e8tes.<br>Le suivi par l\u2019agence de toutes les phases d\u2019\u00e9tudes et de construction lui permet d\u2019obtenir une meilleure qualit\u00e9 de r\u00e9alisation et d\u2019enrichir son<br>exp\u00e9rience \u00e0 chaque projet.<br>L\u2019agence vient d\u2019\u00eatre <strong>laur\u00e9ate du palmar\u00e8s de la meilleure construction durable du Val d\u2019Oise<\/strong>, organis\u00e9 par le CAUE et la FFB 95, pour le projet de<br>restructuration du coll\u00e8ge Stendhal \u00e0 FOSSES.<\/p>\n\n\n\n<p><strong>EFFECTIFS: <\/strong><\/p>\n\n\n\n<p>1 Dirigeant Architecte DPLG<br>1 Assistante documentaliste<br>1 Architecte \u00e9tudiant<\/p>\n\n\n\n<p><strong>MATERIELS: <\/strong><\/p>\n\n\n\n<p>2 postes CAO DAO logiciel Archicad V19<br>1 poste bureautique<br>2 IMAC 27&Prime; quad core i7<br>1 Mac bureautique<br>1 portable MacBook PRO 15&Prime;<br>Photocopieur laser A4 A3 couleur CANON 2880i<br>Traceur A0 couleur CANON IPF755<br>Imprimante photo EPSON 1400<br>Logiciel Photoshop CS4-Indesign-Illustrator-Acrobat PRO<br>logiciel Office 2008- Word- Excel &#8211; Powerpoint<\/p>\n","protected":false},"excerpt":{"rendered":"<p>Bienvenue sur le site de l&rsquo;agence YC-A L\u2019agence YVES CHEMINEAU ARCHITECTE, EURL d\u2019architecture, est une&#8230;<\/p>\n","protected":false},"author":2,"featured_media":147,"parent":0,"menu_order":0,"comment_status":"open","ping_status":"open","template":"page-template-fullwidth.php","meta":[],"_links":{"self":[{"href":"http:\/\/yc-a.fr\/index.php\/wp-json\/wp\/v2\/pages\/2"}],"collection":[{"href":"http:\/\/yc-a.fr\/index.php\/wp-json\/wp\/v2\/pages"}],"about":[{"href":"http:\/\/yc-a.fr\/index.php\/wp-json\/wp\/v2\/types\/page"}],"author":[{"embeddable":true,"href":"http:\/\/yc-a.fr\/index.php\/wp-json\/wp\/v2\/users\/2"}],"replies":[{"embeddable":true,"href":"http:\/\/yc-a.fr\/index.php\/wp-json\/wp\/v2\/comments?post=2"}],"version-history":[{"count":13,"href":"http:\/\/yc-a.fr\/index.php\/wp-json\/wp\/v2\/pages\/2\/revisions"}],"predecessor-version":[{"id":515,"href":"http:\/\/yc-a.fr\/index.php\/wp-json\/wp\/v2\/pages\/2\/revisions\/515"}],"wp:featuredmedia":[{"embeddable":true,"href":"http:\/\/yc-a.fr\/index.php\/wp-json\/wp\/v2\/media\/147"}],"wp:attachment":[{"href":"http:\/\/yc-a.fr\/index.php\/wp-json\/wp\/v2\/media?parent=2"}],"curies":[{"name":"wp","href":"https:\/\/api.w.org\/{rel}","templated":true}]}}