{"id":194,"date":"2015-07-02T17:27:45","date_gmt":"2015-07-02T16:27:45","guid":{"rendered":"http:\/\/yc-a.fr\/?page_id=194"},"modified":"2020-01-15T13:30:47","modified_gmt":"2020-01-15T12:30:47","slug":"college-albert-camus-argenteuil","status":"publish","type":"page","link":"http:\/\/yc-a.fr\/index.php\/college-albert-camus-argenteuil\/","title":{"rendered":"Coll\u00e8ge Albert CAMUS &#8211; ARGENTEUIL"},"content":{"rendered":"\n<p>Extension du Coll\u00e8ge Albert CAMUS<\/p>\n\n\n\n<p>550 \u00e9l\u00e8ves<\/p>\n\n\n\n<p><strong>&gt; ARGENTEUIL (95)<\/strong><\/p>\n\n\n\n<figure class=\"wp-block-image\"><img loading=\"lazy\" width=\"1024\" height=\"625\" src=\"http:\/\/yc-a.fr\/wp-content\/uploads\/2020\/01\/Camus-1024x625.jpg\" alt=\"\" class=\"wp-image-543\" srcset=\"http:\/\/yc-a.fr\/wp-content\/uploads\/2020\/01\/Camus-1024x625.jpg 1024w, http:\/\/yc-a.fr\/wp-content\/uploads\/2020\/01\/Camus-300x183.jpg 300w, http:\/\/yc-a.fr\/wp-content\/uploads\/2020\/01\/Camus-768x469.jpg 768w\" sizes=\"(max-width: 1024px) 100vw, 1024px\" \/><\/figure>\n\n\n\n<figure class=\"wp-block-image\"><a href=\"http:\/\/yc-a.fr\/wp-content\/uploads\/2015\/07\/T_DSC_9809.jpg\"><img loading=\"lazy\" width=\"2400\" height=\"1579\" src=\"http:\/\/yc-a.fr\/wp-content\/uploads\/2015\/07\/T_DSC_9809.jpg\" alt=\"T_DSC_9809\" class=\"wp-image-354\" srcset=\"http:\/\/yc-a.fr\/wp-content\/uploads\/2015\/07\/T_DSC_9809.jpg 2400w, http:\/\/yc-a.fr\/wp-content\/uploads\/2015\/07\/T_DSC_9809-300x197.jpg 300w, http:\/\/yc-a.fr\/wp-content\/uploads\/2015\/07\/T_DSC_9809-768x505.jpg 768w, http:\/\/yc-a.fr\/wp-content\/uploads\/2015\/07\/T_DSC_9809-1024x674.jpg 1024w\" sizes=\"(max-width: 2400px) 100vw, 2400px\" \/><\/a><\/figure>\n\n\n\n<figure class=\"wp-block-image\"><a href=\"http:\/\/yc-a.fr\/wp-content\/uploads\/2015\/07\/TBdef_Untitled-6.jpg\"><img loading=\"lazy\" width=\"2400\" height=\"2400\" src=\"http:\/\/yc-a.fr\/wp-content\/uploads\/2015\/07\/TBdef_Untitled-6.jpg\" alt=\"TBdef_Untitled-6\" class=\"wp-image-356\" srcset=\"http:\/\/yc-a.fr\/wp-content\/uploads\/2015\/07\/TBdef_Untitled-6.jpg 2400w, http:\/\/yc-a.fr\/wp-content\/uploads\/2015\/07\/TBdef_Untitled-6-150x150.jpg 150w, http:\/\/yc-a.fr\/wp-content\/uploads\/2015\/07\/TBdef_Untitled-6-300x300.jpg 300w, http:\/\/yc-a.fr\/wp-content\/uploads\/2015\/07\/TBdef_Untitled-6-768x768.jpg 768w, http:\/\/yc-a.fr\/wp-content\/uploads\/2015\/07\/TBdef_Untitled-6-1024x1024.jpg 1024w\" sizes=\"(max-width: 2400px) 100vw, 2400px\" \/><\/a><\/figure>\n\n\n\n<figure class=\"wp-block-image\"><a href=\"http:\/\/yc-a.fr\/wp-content\/uploads\/2015\/07\/T_Untitled-3.jpg\"><img loading=\"lazy\" width=\"2400\" height=\"2428\" src=\"http:\/\/yc-a.fr\/wp-content\/uploads\/2015\/07\/T_Untitled-3.jpg\" alt=\"T_Untitled-3\" class=\"wp-image-355\" srcset=\"http:\/\/yc-a.fr\/wp-content\/uploads\/2015\/07\/T_Untitled-3.jpg 2400w, http:\/\/yc-a.fr\/wp-content\/uploads\/2015\/07\/T_Untitled-3-297x300.jpg 297w, http:\/\/yc-a.fr\/wp-content\/uploads\/2015\/07\/T_Untitled-3-768x777.jpg 768w, http:\/\/yc-a.fr\/wp-content\/uploads\/2015\/07\/T_Untitled-3-1012x1024.jpg 1012w\" sizes=\"(max-width: 2400px) 100vw, 2400px\" \/><\/a><\/figure>\n\n\n\n<figure class=\"wp-block-image\"><a href=\"http:\/\/yc-a.fr\/wp-content\/uploads\/2015\/07\/T_DSC_9775.jpg\"><img loading=\"lazy\" width=\"2400\" height=\"1602\" src=\"http:\/\/yc-a.fr\/wp-content\/uploads\/2015\/07\/T_DSC_9775.jpg\" alt=\"T_DSC_9775\" class=\"wp-image-352\" srcset=\"http:\/\/yc-a.fr\/wp-content\/uploads\/2015\/07\/T_DSC_9775.jpg 2400w, http:\/\/yc-a.fr\/wp-content\/uploads\/2015\/07\/T_DSC_9775-300x200.jpg 300w, http:\/\/yc-a.fr\/wp-content\/uploads\/2015\/07\/T_DSC_9775-768x513.jpg 768w, http:\/\/yc-a.fr\/wp-content\/uploads\/2015\/07\/T_DSC_9775-1024x684.jpg 1024w\" sizes=\"(max-width: 2400px) 100vw, 2400px\" \/><\/a><\/figure>\n\n\n\n<figure class=\"wp-block-image\"><a href=\"http:\/\/yc-a.fr\/wp-content\/uploads\/2015\/07\/T_DSC_9793.jpg\"><img loading=\"lazy\" width=\"2400\" height=\"1887\" src=\"http:\/\/yc-a.fr\/wp-content\/uploads\/2015\/07\/T_DSC_9793.jpg\" alt=\"T_DSC_9793\" class=\"wp-image-353\" srcset=\"http:\/\/yc-a.fr\/wp-content\/uploads\/2015\/07\/T_DSC_9793.jpg 2400w, http:\/\/yc-a.fr\/wp-content\/uploads\/2015\/07\/T_DSC_9793-300x236.jpg 300w, http:\/\/yc-a.fr\/wp-content\/uploads\/2015\/07\/T_DSC_9793-768x604.jpg 768w, http:\/\/yc-a.fr\/wp-content\/uploads\/2015\/07\/T_DSC_9793-1024x805.jpg 1024w\" sizes=\"(max-width: 2400px) 100vw, 2400px\" \/><\/a><\/figure>\n\n\n\n<p><strong>MAO\/<\/strong> Conseil G\u00e9n\u00e9ral du Val d&rsquo;Oise<br><strong>Surface SHON\/<\/strong> 544 m2<br><strong>Co\u00fbt des travaux HT\/<\/strong> 1 280 000 \u20ac<br><strong>Mission\/<\/strong> Compl\u00e8te loi MOP<br><strong>Description\/<\/strong> Extension et r\u00e9novation d&rsquo;un coll\u00e8ge 450 en 550, en site occup\u00e9<br>Enseignement G\u00e9n\u00e9ral, Arts et Musiques<br><strong>Calendrier\/<\/strong> Livraison&nbsp;en 2016<br><strong>MOE\/<\/strong> YCA Yves Chemineau Architecte mandataire, BIM ing\u00e9nierie BET TCE<\/p>\n","protected":false},"excerpt":{"rendered":"<p>Extension du Coll\u00e8ge Albert CAMUS 550 \u00e9l\u00e8ves &gt; ARGENTEUIL (95) MAO\/ Conseil G\u00e9n\u00e9ral du Val&#8230;<\/p>\n","protected":false},"author":2,"featured_media":0,"parent":0,"menu_order":0,"comment_status":"closed","ping_status":"open","template":"page-template-fullwidth.php","meta":[],"_links":{"self":[{"href":"http:\/\/yc-a.fr\/index.php\/wp-json\/wp\/v2\/pages\/194"}],"collection":[{"href":"http:\/\/yc-a.fr\/index.php\/wp-json\/wp\/v2\/pages"}],"about":[{"href":"http:\/\/yc-a.fr\/index.php\/wp-json\/wp\/v2\/types\/page"}],"author":[{"embeddable":true,"href":"http:\/\/yc-a.fr\/index.php\/wp-json\/wp\/v2\/users\/2"}],"replies":[{"embeddable":true,"href":"http:\/\/yc-a.fr\/index.php\/wp-json\/wp\/v2\/comments?post=194"}],"version-history":[{"count":9,"href":"http:\/\/yc-a.fr\/index.php\/wp-json\/wp\/v2\/pages\/194\/revisions"}],"predecessor-version":[{"id":544,"href":"http:\/\/yc-a.fr\/index.php\/wp-json\/wp\/v2\/pages\/194\/revisions\/544"}],"wp:attachment":[{"href":"http:\/\/yc-a.fr\/index.php\/wp-json\/wp\/v2\/media?parent=194"}],"curies":[{"name":"wp","href":"https:\/\/api.w.org\/{rel}","templated":true}]}}